{"id":1645,"date":"2023-12-14T17:38:04","date_gmt":"2023-12-14T16:38:04","guid":{"rendered":"https:\/\/permepsy.org\/about-project\/"},"modified":"2024-09-24T12:03:41","modified_gmt":"2024-09-24T10:03:41","slug":"about-project","status":"publish","type":"page","link":"https:\/\/permepsy.org\/de\/about-project\/","title":{"rendered":"\u00dcber das Projekt"},"content":{"rendered":"\t\t<div data-elementor-type=\"wp-page\" data-elementor-id=\"1645\" class=\"elementor elementor-1645 elementor-84\" data-elementor-post-type=\"page\">\n\t\t\t\t<div class=\"elementor-element elementor-element-100eef21 e-con-full e-flex e-con e-parent\" data-id=\"100eef21\" data-element_type=\"container\">\n\t\t<div class=\"elementor-element elementor-element-1f3dc197 e-con-full e-flex e-con e-child\" data-id=\"1f3dc197\" data-element_type=\"container\">\n\t\t\t\t<div class=\"elementor-element elementor-element-3d5c8085 elementor-widget elementor-widget-heading\" data-id=\"3d5c8085\" data-element_type=\"widget\" data-widget_type=\"heading.default\">\n\t\t\t\t<div class=\"elementor-widget-container\">\n\t\t\t\t\t<h1 class=\"elementor-heading-title elementor-size-default\">\u00dcber das Projekt<\/h1>\t\t\t\t<\/div>\n\t\t\t\t<\/div>\n\t\t\t\t<div class=\"elementor-element elementor-element-17a32f5c elementor-widget elementor-widget-text-editor\" data-id=\"17a32f5c\" data-element_type=\"widget\" data-widget_type=\"text-editor.default\">\n\t\t\t\t<div class=\"elementor-widget-container\">\n\t\t\t\t\t\t\t\t\t<p><strong>PERMEPSY<\/strong> ist ein dreij\u00e4hriges Projekt das vom <strong>Parc Sanitari Sant Joan de D\u00e9u<\/strong> koordiniert wird und\u00a0an dem f\u00fcnf klinische Partner aus f\u00fcnf verschiedenen L\u00e4ndern (Spanien, Deutschland, Frankreich, Polen und Chile) sowie ein Technikteam (Spanien) beteiligt sind. Ziel des PERMEPSY-Projekts (<strong>Per<\/strong>sonalised <strong>Med<\/strong>icine Approach to Psychological Treatment for <strong>Psy<\/strong>chosis) ist es, ein personalisiertes Metakognitives Training (MKT) f\u00fcr Menschen mit Psychose zu entwickeln. Die Mitglieder des PERMEPSY-Projekts arbeiten zusammen, indem sie eine umfassende Literatur\u00fcbersicht \u00fcber die Variablen, die mit einem besseren Behandlungserfolg bei Psychosen in Verbindung gebracht werden, erstellen und die zentralen Faktoren ermitteln, die die Wirksamkeit des MKT vorhersagen. Dar\u00fcber hinaus zielt das PERMEPSY-Projekt darauf ab, multimodale retrospektive Daten aus fr\u00fcheren klinischen Studien mit Hilfe von Techniken des maschinellen Lernens (ML) und Variablen, die durch systematische \u00dcberpr\u00fcfungen ermittelt wurden, zu analysieren. Der ML Algorithmus wird die Grundlage f\u00fcr die Entwicklung einer Prototyp-Plattform bilden, die Klinikern und \u00c4rzten weltweit frei zur Verf\u00fcgung gestellt wird, um sie bei klinischen Entscheidungen bei der Behandlung von Patient:innen mit Psychose zu unterst\u00fctzen. Die Plattform wird in einer klinischen zwei-armigen Pilotstudie validiert, in der das klassische MKT mit dem von der Plattform empfohlenen personalisierten MKT verglichen und ihre Vorhersagekraft getestet wird.<\/p>\t\t\t\t\t\t\t\t<\/div>\n\t\t\t\t<\/div>\n\t\t\t\t<\/div>\n\t\t<div class=\"elementor-element elementor-element-13280344 e-con-full e-flex e-con e-child\" data-id=\"13280344\" data-element_type=\"container\" data-settings=\"{&quot;background_background&quot;:&quot;classic&quot;}\">\n\t\t\t\t<div class=\"elementor-element elementor-element-3a2f6731 animated-slow elementor-invisible elementor-widget elementor-widget-image\" data-id=\"3a2f6731\" data-element_type=\"widget\" data-settings=\"{&quot;_animation&quot;:&quot;fadeInRight&quot;}\" data-widget_type=\"image.default\">\n\t\t\t\t<div class=\"elementor-widget-container\">\n\t\t\t\t\t\t\t\t\t\t\t\t\t\t\t<img fetchpriority=\"high\" decoding=\"async\" width=\"800\" height=\"800\" src=\"https:\/\/permepsy.org\/wp-content\/uploads\/2023\/12\/Artboard-1-1.svg\" class=\"attachment-large size-large wp-image-206\" alt=\"\" \/>\t\t\t\t\t\t\t\t\t\t\t\t\t\t\t<\/div>\n\t\t\t\t<\/div>\n\t\t\t\t<\/div>\n\t\t\t\t<\/div>\n\t\t<div class=\"elementor-element elementor-element-10d5b41a e-flex e-con-boxed e-con e-parent\" data-id=\"10d5b41a\" data-element_type=\"container\">\n\t\t\t\t\t<div class=\"e-con-inner\">\n\t\t<div class=\"elementor-element elementor-element-68b4b9fe e-con-full e-flex e-con e-child\" data-id=\"68b4b9fe\" data-element_type=\"container\">\n\t\t\t\t<div class=\"elementor-element elementor-element-7280d06 animated-slow elementor-invisible elementor-widget elementor-widget-image\" data-id=\"7280d06\" data-element_type=\"widget\" data-settings=\"{&quot;_animation&quot;:&quot;fadeInLeft&quot;}\" data-widget_type=\"image.default\">\n\t\t\t\t<div class=\"elementor-widget-container\">\n\t\t\t\t\t\t\t\t\t\t\t\t\t\t\t<img decoding=\"async\" width=\"1100\" height=\"800\" src=\"https:\/\/permepsy.org\/wp-content\/uploads\/2024\/01\/3530038_64617-Converted-1.svg\" class=\"attachment-full size-full wp-image-729\" alt=\"\" \/>\t\t\t\t\t\t\t\t\t\t\t\t\t\t\t<\/div>\n\t\t\t\t<\/div>\n\t\t\t\t<\/div>\n\t\t<div class=\"elementor-element elementor-element-7be875cd e-con-full e-flex e-con e-child\" data-id=\"7be875cd\" data-element_type=\"container\">\n\t\t\t\t<div class=\"elementor-element elementor-element-345dd96 elementor-widget elementor-widget-heading\" data-id=\"345dd96\" data-element_type=\"widget\" data-widget_type=\"heading.default\">\n\t\t\t\t<div class=\"elementor-widget-container\">\n\t\t\t\t\t<h1 class=\"elementor-heading-title elementor-size-default\">Verbesserung der Behandlung von Schizophrenie<\/h1>\t\t\t\t<\/div>\n\t\t\t\t<\/div>\n\t\t\t\t<div class=\"elementor-element elementor-element-7502d7cd elementor-widget elementor-widget-text-editor\" data-id=\"7502d7cd\" data-element_type=\"widget\" data-widget_type=\"text-editor.default\">\n\t\t\t\t<div class=\"elementor-widget-container\">\n\t\t\t\t\t\t\t\t\t<p>Zusammenfassend l\u00e4sst sich sagen, dass das PERMEPSY-Projekt drei Hauptziele verfolgt:<\/p>\n<p>(1) Identifizierung der wichtigsten soziodemografischen, klinischen, kognitiven und metakognitiven Variablen und Biomarker, die mit dem Behandlungserfolg bei Schizophrenie in Verbindung stehen;<\/p>\n<p>(2) Ermittlung der Variablen, die die Behandlungsergebnisse am besten verbessern, indem eine ML-basierte Stratifizierungsstrategie auf multimodale retrospektive Datenbanken angewandt wird;<\/p>\n<p>und (3) Entwicklung und Validierung der Plattform durch einen klinischen Proof-of-Concept-Pilotversuch, bei dem in jeder Phase die Nutzerperspektive ber\u00fccksichtigt wird.<\/p>\n\t\t\t\t\t\t\t\t<\/div>\n\t\t\t\t<\/div>\n\t\t\t\t<\/div>\n\t\t\t\t\t<\/div>\n\t\t\t\t<\/div>\n\t\t\t\t<\/div>\n\t\t","protected":false},"excerpt":{"rendered":"<p>\u00dcber das Projekt PERMEPSY ist ein dreij\u00e4hriges Projekt das vom Parc Sanitari Sant Joan de D\u00e9u koordiniert wird und\u00a0an dem f\u00fcnf klinische Partner aus f\u00fcnf verschiedenen L\u00e4ndern (Spanien, Deutschland, Frankreich, Polen und Chile) sowie ein Technikteam (Spanien) beteiligt sind. Ziel des PERMEPSY-Projekts (Personalised Medicine Approach to Psychological Treatment for Psychosis) ist es, ein personalisiertes Metakognitives [&hellip;]<\/p>\n","protected":false},"author":1,"featured_media":0,"parent":0,"menu_order":0,"comment_status":"closed","ping_status":"closed","template":"","meta":{"_acf_changed":false,"inline_featured_image":false,"footnotes":""},"class_list":["post-1645","page","type-page","status-publish","hentry"],"acf":[],"_links":{"self":[{"href":"https:\/\/permepsy.org\/de\/wp-json\/wp\/v2\/pages\/1645","targetHints":{"allow":["GET"]}}],"collection":[{"href":"https:\/\/permepsy.org\/de\/wp-json\/wp\/v2\/pages"}],"about":[{"href":"https:\/\/permepsy.org\/de\/wp-json\/wp\/v2\/types\/page"}],"author":[{"embeddable":true,"href":"https:\/\/permepsy.org\/de\/wp-json\/wp\/v2\/users\/1"}],"replies":[{"embeddable":true,"href":"https:\/\/permepsy.org\/de\/wp-json\/wp\/v2\/comments?post=1645"}],"version-history":[{"count":7,"href":"https:\/\/permepsy.org\/de\/wp-json\/wp\/v2\/pages\/1645\/revisions"}],"predecessor-version":[{"id":2067,"href":"https:\/\/permepsy.org\/de\/wp-json\/wp\/v2\/pages\/1645\/revisions\/2067"}],"wp:attachment":[{"href":"https:\/\/permepsy.org\/de\/wp-json\/wp\/v2\/media?parent=1645"}],"curies":[{"name":"wp","href":"https:\/\/api.w.org\/{rel}","templated":true}]}}