{"id":1702,"date":"2024-01-03T14:29:13","date_gmt":"2024-01-03T13:29:13","guid":{"rendered":"https:\/\/permepsy.org\/psychose\/"},"modified":"2024-08-02T16:54:58","modified_gmt":"2024-08-02T14:54:58","slug":"psychose","status":"publish","type":"page","link":"https:\/\/permepsy.org\/de\/psychose\/","title":{"rendered":"Psychose"},"content":{"rendered":"\t\t<div data-elementor-type=\"wp-page\" data-elementor-id=\"1702\" class=\"elementor elementor-1702 elementor-441\" data-elementor-post-type=\"page\">\n\t\t\t\t<div class=\"elementor-element elementor-element-638b48a e-flex e-con-boxed e-con e-parent\" data-id=\"638b48a\" data-element_type=\"container\" data-settings=\"{&quot;background_background&quot;:&quot;classic&quot;}\">\n\t\t\t\t\t<div class=\"e-con-inner\">\n\t\t<div class=\"elementor-element elementor-element-ef50ecb e-con-full e-flex e-con e-child\" data-id=\"ef50ecb\" data-element_type=\"container\">\n\t\t\t\t<div class=\"elementor-element elementor-element-c0589ec animated-slow elementor-invisible elementor-widget elementor-widget-image\" data-id=\"c0589ec\" data-element_type=\"widget\" data-settings=\"{&quot;_animation&quot;:&quot;fadeInLeft&quot;}\" data-widget_type=\"image.default\">\n\t\t\t\t<div class=\"elementor-widget-container\">\n\t\t\t\t\t\t\t\t\t\t\t\t\t\t\t<img fetchpriority=\"high\" decoding=\"async\" width=\"800\" height=\"800\" src=\"https:\/\/permepsy.org\/wp-content\/uploads\/2024\/01\/21118461_6425302.svg\" class=\"attachment-large size-large wp-image-667\" alt=\"\" \/>\t\t\t\t\t\t\t\t\t\t\t\t\t\t\t<\/div>\n\t\t\t\t<\/div>\n\t\t\t\t<\/div>\n\t\t<div class=\"elementor-element elementor-element-ed7b089 e-con-full e-flex e-con e-child\" data-id=\"ed7b089\" data-element_type=\"container\" data-settings=\"{&quot;background_background&quot;:&quot;classic&quot;}\">\n\t\t\t\t<div class=\"elementor-element elementor-element-a026535 elementor-widget elementor-widget-heading\" data-id=\"a026535\" data-element_type=\"widget\" data-widget_type=\"heading.default\">\n\t\t\t\t<div class=\"elementor-widget-container\">\n\t\t\t\t\t<h1 class=\"elementor-heading-title elementor-size-default\">Psychose<\/h1>\t\t\t\t<\/div>\n\t\t\t\t<\/div>\n\t\t\t\t<div class=\"elementor-element elementor-element-55d17d5 elementor-widget elementor-widget-image-box\" data-id=\"55d17d5\" data-element_type=\"widget\" data-widget_type=\"image-box.default\">\n\t\t\t\t<div class=\"elementor-widget-container\">\n\t\t\t\t\t<div class=\"elementor-image-box-wrapper\"><div class=\"elementor-image-box-content\"><p class=\"elementor-image-box-description\">\"Psychose\" ist ein allgemeiner Begriff, der sich auf Verzerrungen und Beeintr\u00e4chtigung des Denkens, F\u00fchlens und Verhaltens bezieht, die zum Verlust des Kontakts mit der bewussten Realit\u00e4t f\u00fchren. Sie zeichnet sich durch Wahnvorstellungen, Halluzinationen, Denkst\u00f6rungen, grob desorganisiertes oder abnormales motorisches Verhalten und negative Symptome aus (APA, 2013). Auf kategorialer Ebene umfassen die Schizophrenie-Spektrum-St\u00f6rungen Schizophrenie, schizophreniforme St\u00f6rung, schizoaffektive St\u00f6rung, wahnhafte St\u00f6rung, kurzzeitige psychotische St\u00f6rung, substanz- bzw. medikamenteninduzierte psychotische St\u00f6rung, schizotypische (Pers\u00f6nlichkeits-)St\u00f6rung, psychotische St\u00f6rung aufgrund einer anderen Erkrankung, Katatonie und andere spezifizierte und nicht spezifizierte Schizophrenie-Spektrum- und andere psychotische St\u00f6rungen (APA, 2013; WHO, 2018). Wichtig ist, dass psychotische Symptome auch bei einer Reihe anderer Erkrankungen auftreten k\u00f6nnen, wenn auch nicht als definierendes Merkmal, insbesondere bei Stimmungsst\u00f6rungen (Major Depression und bipolare St\u00f6rung), substanzbezogenen St\u00f6rungen und Suchterkrankungen, posttraumatischer Belastungsst\u00f6rung, Borderline-Pers\u00f6nlichkeitsst\u00f6rung und neurokognitiven St\u00f6rungen (z. B. Alzheimer). Auf der Symptomebene sind psychotische Symptome und psychose\u00e4hnliche Symptome auch in der Allgemeinbev\u00f6lkerung anzutreffen, und Menschen mit diesen Erfahrungen k\u00f6nnen eine Behandlung ben\u00f6tigen oder auch nicht.  <\/p><\/div><\/div>\t\t\t\t<\/div>\n\t\t\t\t<\/div>\n\t\t\t\t<div class=\"elementor-element elementor-element-04f0af7 elementor-widget elementor-widget-image-box\" data-id=\"04f0af7\" data-element_type=\"widget\" data-widget_type=\"image-box.default\">\n\t\t\t\t<div class=\"elementor-widget-container\">\n\t\t\t\t\t<div class=\"elementor-image-box-wrapper\"><div class=\"elementor-image-box-content\"><p class=\"elementor-image-box-description\">Die Schizophrenie hat im Laufe der Zeit verschiedene engere und breitere Definitionen erhalten. Es ist die psychotische St\u00f6rung, die die meiste Aufmerksamkeit auf sich zieht, was unter anderem daran liegen mag, dass sie am h\u00e4ufigsten vorkommt; so liegt die Lebenszeitpr\u00e4valenz der Schizophrenie bei etwa 0.9% gegen\u00fcber 0.3% bei der schizoaffektiven St\u00f6rung (Perala et al., 2007). Den meisten Patienten werden Antipsychotika verschrieben, die jedoch die funktionellen Ergebnisse nicht verbessern. Etwa 50-75% der Patienten brechen die Medikation ab, und selbst bei Patienten, denen Antipsychotika der zweiten Generation verschrieben werden, ist die R\u00fcckfallquote hoch (Moritz et al., 2014). Eine psychologische Behandlung wirkt sich positiv auf die Linderung der Symptome aus, selbst wenn keine pharmakologische Behandlung erfolgt; bei 40% der Patienten verbessern sich die Symptome signifikant (Morrison et al., 2014). <br><br> Eine der wirksamsten psychologischen Interventionen ist das Metakognitive Training (MKT), das auf der kognitiven Verhaltenstherapie (KVT) basiert und zu den leitliniengerechten Behandlung f\u00fcr Psychosen (NICE, 2014) geh\u00f6rt. <\/p><\/div><\/div>\t\t\t\t<\/div>\n\t\t\t\t<\/div>\n\t\t\t\t<\/div>\n\t\t\t\t\t<\/div>\n\t\t\t\t<\/div>\n\t\t\t\t<\/div>\n\t\t","protected":false},"excerpt":{"rendered":"<p>Psychose &#8222;Psychose&#8220; ist ein allgemeiner Begriff, der sich auf Verzerrungen und Beeintr\u00e4chtigung des Denkens, F\u00fchlens und Verhaltens bezieht, die zum Verlust des Kontakts mit der bewussten Realit\u00e4t f\u00fchren. Sie zeichnet sich durch Wahnvorstellungen, Halluzinationen, Denkst\u00f6rungen, grob desorganisiertes oder abnormales motorisches Verhalten und negative Symptome aus (APA, 2013). Auf kategorialer Ebene umfassen die Schizophrenie-Spektrum-St\u00f6rungen Schizophrenie, schizophreniforme [&hellip;]<\/p>\n","protected":false},"author":1,"featured_media":0,"parent":0,"menu_order":0,"comment_status":"closed","ping_status":"closed","template":"","meta":{"_acf_changed":false,"inline_featured_image":false,"footnotes":""},"class_list":["post-1702","page","type-page","status-publish","hentry"],"acf":[],"_links":{"self":[{"href":"https:\/\/permepsy.org\/de\/wp-json\/wp\/v2\/pages\/1702","targetHints":{"allow":["GET"]}}],"collection":[{"href":"https:\/\/permepsy.org\/de\/wp-json\/wp\/v2\/pages"}],"about":[{"href":"https:\/\/permepsy.org\/de\/wp-json\/wp\/v2\/types\/page"}],"author":[{"embeddable":true,"href":"https:\/\/permepsy.org\/de\/wp-json\/wp\/v2\/users\/1"}],"replies":[{"embeddable":true,"href":"https:\/\/permepsy.org\/de\/wp-json\/wp\/v2\/comments?post=1702"}],"version-history":[{"count":8,"href":"https:\/\/permepsy.org\/de\/wp-json\/wp\/v2\/pages\/1702\/revisions"}],"predecessor-version":[{"id":2016,"href":"https:\/\/permepsy.org\/de\/wp-json\/wp\/v2\/pages\/1702\/revisions\/2016"}],"wp:attachment":[{"href":"https:\/\/permepsy.org\/de\/wp-json\/wp\/v2\/media?parent=1702"}],"curies":[{"name":"wp","href":"https:\/\/api.w.org\/{rel}","templated":true}]}}