{"id":1647,"date":"2023-12-14T17:38:04","date_gmt":"2023-12-14T16:38:04","guid":{"rendered":"https:\/\/permepsy.org\/about-project\/"},"modified":"2024-09-24T12:02:35","modified_gmt":"2024-09-24T10:02:35","slug":"about-project","status":"publish","type":"page","link":"https:\/\/permepsy.org\/es\/about-project\/","title":{"rendered":"Sobre el proyecto"},"content":{"rendered":"\t\t<div data-elementor-type=\"wp-page\" data-elementor-id=\"1647\" class=\"elementor elementor-1647 elementor-84\" data-elementor-post-type=\"page\">\n\t\t\t\t<div class=\"elementor-element elementor-element-100eef21 e-con-full e-flex e-con e-parent\" data-id=\"100eef21\" data-element_type=\"container\">\n\t\t<div class=\"elementor-element elementor-element-1f3dc197 e-con-full e-flex e-con e-child\" data-id=\"1f3dc197\" data-element_type=\"container\">\n\t\t\t\t<div class=\"elementor-element elementor-element-3d5c8085 elementor-widget elementor-widget-heading\" data-id=\"3d5c8085\" data-element_type=\"widget\" data-widget_type=\"heading.default\">\n\t\t\t\t<div class=\"elementor-widget-container\">\n\t\t\t\t\t<h1 class=\"elementor-heading-title elementor-size-default\">Sobre el proyecto<\/h1>\t\t\t\t<\/div>\n\t\t\t\t<\/div>\n\t\t\t\t<div class=\"elementor-element elementor-element-17a32f5c elementor-widget elementor-widget-text-editor\" data-id=\"17a32f5c\" data-element_type=\"widget\" data-widget_type=\"text-editor.default\">\n\t\t\t\t<div class=\"elementor-widget-container\">\n\t\t\t\t\t\t\t\t\t<p><strong>PERMEPSY<\/strong> es un proyecto de tres a\u00f1os coordinado por el<strong> Parc Sanitari Sant Joan de D\u00e9u<\/strong> de duraci\u00f3n en el que participan 5 socios cl\u00ednicos de 5 pa\u00edses diferentes (Espa\u00f1a, Alemania, Francia, Polonia y Chile), as\u00ed como un equipo tecnol\u00f3gico (Espa\u00f1a). El objetivo del proyecto PERMEPSY (<strong>Per<\/strong>sonalised <strong>Med<\/strong>icine Approach to Psychological Treatment for <strong>Psy<\/strong>chosis) es ofrecer un entrenamiento metacognitivo (EMC) personalizado para personas con psicosis. Los socios y miembros del proyecto PERMEPSY est\u00e1n colaborando mediante la revisi\u00f3n bibliogr\u00e1fica de las variables asociadas en la mejora de la respuesta al tratamiento en la psicosis y la identificaci\u00f3n de los factores clave que predicen la eficacia del EMC. Adem\u00e1s, el proyecto PERMEPSY pretende analizar datos retrospectivos multimodales de ensayos cl\u00ednicos previos utilizando t\u00e9cnicas de aprendizaje autom\u00e1tico (Machine Learning, ML) y variables identificadas mediante revisiones sistem\u00e1ticas. El algoritmo de aprendizaje ser\u00e1 la base para el desarrollo de una plataforma prototipo que se pondr\u00e1 a disposici\u00f3n de m\u00e9dicos y cl\u00ednicos de todo el mundo de forma gratuita para ayudarles a tomar decisiones cl\u00ednicas a la hora de tratar a pacientes con psicosis. La plataforma ser\u00e1 validada en un ensayo cl\u00ednico piloto con dos condiciones, comparando la t\u00e9cnica cl\u00e1sica de terapia EMC con la terapia personalizada recomendada por la plataforma, probando su poder predictivo.<\/p>\t\t\t\t\t\t\t\t<\/div>\n\t\t\t\t<\/div>\n\t\t\t\t<\/div>\n\t\t<div class=\"elementor-element elementor-element-13280344 e-con-full e-flex e-con e-child\" data-id=\"13280344\" data-element_type=\"container\" data-settings=\"{&quot;background_background&quot;:&quot;classic&quot;}\">\n\t\t\t\t<div class=\"elementor-element elementor-element-3a2f6731 animated-slow elementor-invisible elementor-widget elementor-widget-image\" data-id=\"3a2f6731\" data-element_type=\"widget\" data-settings=\"{&quot;_animation&quot;:&quot;fadeInRight&quot;}\" data-widget_type=\"image.default\">\n\t\t\t\t<div class=\"elementor-widget-container\">\n\t\t\t\t\t\t\t\t\t\t\t\t\t\t\t<img fetchpriority=\"high\" decoding=\"async\" width=\"800\" height=\"800\" src=\"https:\/\/permepsy.org\/wp-content\/uploads\/2023\/12\/Artboard-1-1.svg\" class=\"attachment-large size-large wp-image-206\" alt=\"\" \/>\t\t\t\t\t\t\t\t\t\t\t\t\t\t\t<\/div>\n\t\t\t\t<\/div>\n\t\t\t\t<\/div>\n\t\t\t\t<\/div>\n\t\t<div class=\"elementor-element elementor-element-10d5b41a e-flex e-con-boxed e-con e-parent\" data-id=\"10d5b41a\" data-element_type=\"container\">\n\t\t\t\t\t<div class=\"e-con-inner\">\n\t\t<div class=\"elementor-element elementor-element-68b4b9fe e-con-full e-flex e-con e-child\" data-id=\"68b4b9fe\" data-element_type=\"container\">\n\t\t\t\t<div class=\"elementor-element elementor-element-7280d06 animated-slow elementor-invisible elementor-widget elementor-widget-image\" data-id=\"7280d06\" data-element_type=\"widget\" data-settings=\"{&quot;_animation&quot;:&quot;fadeInLeft&quot;}\" data-widget_type=\"image.default\">\n\t\t\t\t<div class=\"elementor-widget-container\">\n\t\t\t\t\t\t\t\t\t\t\t\t\t\t\t<img decoding=\"async\" width=\"1100\" height=\"800\" src=\"https:\/\/permepsy.org\/wp-content\/uploads\/2024\/01\/3530038_64617-Converted-1.svg\" class=\"attachment-full size-full wp-image-729\" alt=\"\" \/>\t\t\t\t\t\t\t\t\t\t\t\t\t\t\t<\/div>\n\t\t\t\t<\/div>\n\t\t\t\t<\/div>\n\t\t<div class=\"elementor-element elementor-element-7be875cd e-con-full e-flex e-con e-child\" data-id=\"7be875cd\" data-element_type=\"container\">\n\t\t\t\t<div class=\"elementor-element elementor-element-345dd96 elementor-widget elementor-widget-heading\" data-id=\"345dd96\" data-element_type=\"widget\" data-widget_type=\"heading.default\">\n\t\t\t\t<div class=\"elementor-widget-container\">\n\t\t\t\t\t<h1 class=\"elementor-heading-title elementor-size-default\">Mejora del tratamiento de la esquizofrenia<\/h1>\t\t\t\t<\/div>\n\t\t\t\t<\/div>\n\t\t\t\t<div class=\"elementor-element elementor-element-7502d7cd elementor-widget elementor-widget-text-editor\" data-id=\"7502d7cd\" data-element_type=\"widget\" data-widget_type=\"text-editor.default\">\n\t\t\t\t<div class=\"elementor-widget-container\">\n\t\t\t\t\t\t\t\t\t<p>En resumen, el proyecto PERMEPSY tiene tres objetivos principales:<\/p>\n<p>(1) identificar variables sociodemogr\u00e1ficas, cl\u00ednicas, cognitivas y metacognitivas clave y biomarcadores asociados con la respuesta al tratamiento en la esquizofrenia;<\/p>\n<p>(2) determinar qu\u00e9 variables mejoran los resultados del tratamiento utilizando una estrategia de estratificaci\u00f3n basada en ML aplicada a bases de datos retrospectivas multimodales;<\/p>\n<p>y (3) desarrollar y validar la plataforma a trav\u00e9s de un ensayo cl\u00ednico piloto de prueba de concepto que incluya la perspectiva del usuario en cada etapa.<\/p>\n\t\t\t\t\t\t\t\t<\/div>\n\t\t\t\t<\/div>\n\t\t\t\t<\/div>\n\t\t\t\t\t<\/div>\n\t\t\t\t<\/div>\n\t\t\t\t<\/div>\n\t\t","protected":false},"excerpt":{"rendered":"<p>Sobre el proyecto PERMEPSY es un proyecto de tres a\u00f1os coordinado por el Parc Sanitari Sant Joan de D\u00e9u de duraci\u00f3n en el que participan 5 socios cl\u00ednicos de 5 pa\u00edses diferentes (Espa\u00f1a, Alemania, Francia, Polonia y Chile), as\u00ed como un equipo tecnol\u00f3gico (Espa\u00f1a). El objetivo del proyecto PERMEPSY (Personalised Medicine Approach to Psychological Treatment [&hellip;]<\/p>\n","protected":false},"author":1,"featured_media":0,"parent":0,"menu_order":0,"comment_status":"closed","ping_status":"closed","template":"","meta":{"_acf_changed":false,"inline_featured_image":false,"footnotes":""},"class_list":["post-1647","page","type-page","status-publish","hentry"],"acf":[],"_links":{"self":[{"href":"https:\/\/permepsy.org\/es\/wp-json\/wp\/v2\/pages\/1647","targetHints":{"allow":["GET"]}}],"collection":[{"href":"https:\/\/permepsy.org\/es\/wp-json\/wp\/v2\/pages"}],"about":[{"href":"https:\/\/permepsy.org\/es\/wp-json\/wp\/v2\/types\/page"}],"author":[{"embeddable":true,"href":"https:\/\/permepsy.org\/es\/wp-json\/wp\/v2\/users\/1"}],"replies":[{"embeddable":true,"href":"https:\/\/permepsy.org\/es\/wp-json\/wp\/v2\/comments?post=1647"}],"version-history":[{"count":5,"href":"https:\/\/permepsy.org\/es\/wp-json\/wp\/v2\/pages\/1647\/revisions"}],"predecessor-version":[{"id":2061,"href":"https:\/\/permepsy.org\/es\/wp-json\/wp\/v2\/pages\/1647\/revisions\/2061"}],"wp:attachment":[{"href":"https:\/\/permepsy.org\/es\/wp-json\/wp\/v2\/media?parent=1647"}],"curies":[{"name":"wp","href":"https:\/\/api.w.org\/{rel}","templated":true}]}}