{"id":1640,"date":"2023-12-14T17:38:04","date_gmt":"2023-12-14T16:38:04","guid":{"rendered":"https:\/\/permepsy.org\/about-project\/"},"modified":"2024-09-24T12:05:12","modified_gmt":"2024-09-24T10:05:12","slug":"about-project","status":"publish","type":"page","link":"https:\/\/permepsy.org\/pl\/about-project\/","title":{"rendered":"O projekcie"},"content":{"rendered":"\t\t<div data-elementor-type=\"wp-page\" data-elementor-id=\"1640\" class=\"elementor elementor-1640 elementor-84\" data-elementor-post-type=\"page\">\n\t\t\t\t<div class=\"elementor-element elementor-element-100eef21 e-con-full e-flex e-con e-parent\" data-id=\"100eef21\" data-element_type=\"container\">\n\t\t<div class=\"elementor-element elementor-element-1f3dc197 e-con-full e-flex e-con e-child\" data-id=\"1f3dc197\" data-element_type=\"container\">\n\t\t\t\t<div class=\"elementor-element elementor-element-3d5c8085 elementor-widget elementor-widget-heading\" data-id=\"3d5c8085\" data-element_type=\"widget\" data-widget_type=\"heading.default\">\n\t\t\t\t<div class=\"elementor-widget-container\">\n\t\t\t\t\t<h1 class=\"elementor-heading-title elementor-size-default\">O projekcie<\/h1>\t\t\t\t<\/div>\n\t\t\t\t<\/div>\n\t\t\t\t<div class=\"elementor-element elementor-element-17a32f5c elementor-widget elementor-widget-text-editor\" data-id=\"17a32f5c\" data-element_type=\"widget\" data-widget_type=\"text-editor.default\">\n\t\t\t\t<div class=\"elementor-widget-container\">\n\t\t\t\t\t\t\t\t\t<p><strong>PERMEPSY <\/strong>to trzyletni projekt, koordynowany przez<strong> Parc Sanitari Sant Joan de D\u00e9u<\/strong> sk\u0142adaj\u0105cy si\u0119 z 5 o\u015brodk\u00f3w naukowych z 5 r\u00f3\u017cnych kraj\u00f3w (Hiszpania, Niemcy, Francja, Polska i Chile) oraz jednego zespo\u0142u technologicznego (Hiszpania). Celem projektu PERMEPSY (<strong>Per<\/strong>sonalised <strong>Med<\/strong>icine approach to psychological treatment for <strong>Psy<\/strong>chosis) jest zaoferowanie spersonalizowanego treningu metapoznawczego (MCT) dla os\u00f3b z psychoz\u0105. Pierwszym za\u0142o\u017ceniem projektu jest przegl\u0105d systematyczny literarury w poszukiwaniu zmiennych zwi\u0105zanych z lepsz\u0105 odpowiedzi\u0105 na leczenie w psychozie i identyfikacja kluczowych czynnik\u00f3w przewiduj\u0105cych skuteczno\u015b\u0107 MCT. Ponadto celem projektu PERMEPSY jest analiza multimodalnych danych retrospektywnych z poprzednich bada\u0144 klinicznych przy u\u017cyciu technik uczenia maszynowego (ML) oraz zmiennych zidentyfikowanych w ramach przegl\u0105d\u00f3w systematycznych. Algorytm uczenia maszynowego b\u0119dzie podstaw\u0105 do opracowania prototypowej platformy, kt\u00f3ra zostanie bezp\u0142atnie udost\u0119pniona klinicystkom i klinicystom na ca\u0142ym \u015bwiecie, aby pom\u00f3c im w podejmowaniu decyzji klinicznych podczas leczenia pacjent\u00f3w\/pacjentek z psychoz\u0105. Platforma zostanie zweryfikowana w pilota\u017cowym badaniu klinicznym z dwoma warunkami, por\u00f3wnuj\u0105c klasyczn\u0105 technik\u0119 terapii MCT ze spersonalizowan\u0105 terapi\u0105 zalecan\u0105 przez platform\u0119, testuj\u0105c jej moc predykcyjn\u0105.<\/p>\t\t\t\t\t\t\t\t<\/div>\n\t\t\t\t<\/div>\n\t\t\t\t<\/div>\n\t\t<div class=\"elementor-element elementor-element-13280344 e-con-full e-flex e-con e-child\" data-id=\"13280344\" data-element_type=\"container\" data-settings=\"{&quot;background_background&quot;:&quot;classic&quot;}\">\n\t\t\t\t<div class=\"elementor-element elementor-element-3a2f6731 animated-slow elementor-invisible elementor-widget elementor-widget-image\" data-id=\"3a2f6731\" data-element_type=\"widget\" data-settings=\"{&quot;_animation&quot;:&quot;fadeInRight&quot;}\" data-widget_type=\"image.default\">\n\t\t\t\t<div class=\"elementor-widget-container\">\n\t\t\t\t\t\t\t\t\t\t\t\t\t\t\t<img fetchpriority=\"high\" decoding=\"async\" width=\"800\" height=\"800\" src=\"https:\/\/permepsy.org\/wp-content\/uploads\/2023\/12\/Artboard-1-1.svg\" class=\"attachment-large size-large wp-image-206\" alt=\"\" \/>\t\t\t\t\t\t\t\t\t\t\t\t\t\t\t<\/div>\n\t\t\t\t<\/div>\n\t\t\t\t<\/div>\n\t\t\t\t<\/div>\n\t\t<div class=\"elementor-element elementor-element-10d5b41a e-flex e-con-boxed e-con e-parent\" data-id=\"10d5b41a\" data-element_type=\"container\">\n\t\t\t\t\t<div class=\"e-con-inner\">\n\t\t<div class=\"elementor-element elementor-element-68b4b9fe e-con-full e-flex e-con e-child\" data-id=\"68b4b9fe\" data-element_type=\"container\">\n\t\t\t\t<div class=\"elementor-element elementor-element-7280d06 animated-slow elementor-invisible elementor-widget elementor-widget-image\" data-id=\"7280d06\" data-element_type=\"widget\" data-settings=\"{&quot;_animation&quot;:&quot;fadeInLeft&quot;}\" data-widget_type=\"image.default\">\n\t\t\t\t<div class=\"elementor-widget-container\">\n\t\t\t\t\t\t\t\t\t\t\t\t\t\t\t<img decoding=\"async\" width=\"1100\" height=\"800\" src=\"https:\/\/permepsy.org\/wp-content\/uploads\/2024\/01\/3530038_64617-Converted-1.svg\" class=\"attachment-full size-full wp-image-729\" alt=\"\" \/>\t\t\t\t\t\t\t\t\t\t\t\t\t\t\t<\/div>\n\t\t\t\t<\/div>\n\t\t\t\t<\/div>\n\t\t<div class=\"elementor-element elementor-element-7be875cd e-con-full e-flex e-con e-child\" data-id=\"7be875cd\" data-element_type=\"container\">\n\t\t\t\t<div class=\"elementor-element elementor-element-345dd96 elementor-widget elementor-widget-heading\" data-id=\"345dd96\" data-element_type=\"widget\" data-widget_type=\"heading.default\">\n\t\t\t\t<div class=\"elementor-widget-container\">\n\t\t\t\t\t<h1 class=\"elementor-heading-title elementor-size-default\">Poprawa skuteczno\u015bci leczenia schizofrenii<\/h1>\t\t\t\t<\/div>\n\t\t\t\t<\/div>\n\t\t\t\t<div class=\"elementor-element elementor-element-7502d7cd elementor-widget elementor-widget-text-editor\" data-id=\"7502d7cd\" data-element_type=\"widget\" data-widget_type=\"text-editor.default\">\n\t\t\t\t<div class=\"elementor-widget-container\">\n\t\t\t\t\t\t\t\t\t<p>Podsumowuj\u0105c, projekt PERMEPSY ma trzy g\u0142\u00f3wne cele:<\/p>\n<p>(1) zidentyfikowanie kluczowych zmiennych socjodemograficznych, klinicznych, poznawczych i metapoznawczych oraz biomarker\u00f3w zwi\u0105zanych z odpowiedzi\u0105 na leczenie w schizofrenii;<\/p>\n<p>(2) wykazanie, kt\u00f3re zmienne najlepiej poprawiaj\u0105 wyniki leczenia przy u\u017cyciu strategii stratyfikacji opartej na ML zastosowanej do multimodalnych retrospektywnych baz danych;<\/p>\n<p>(3) opracowanie i walidacja platformy poprzez pilota\u017cowe badanie kliniczne typu proof-of-concept (dow\u00f3d s\u0142uszno\u015bci koncepcji), kt\u00f3re obejmuje perspektyw\u0119 u\u017cytkownika na ka\u017cdym etapie.<\/p>\n\t\t\t\t\t\t\t\t<\/div>\n\t\t\t\t<\/div>\n\t\t\t\t<\/div>\n\t\t\t\t\t<\/div>\n\t\t\t\t<\/div>\n\t\t\t\t<\/div>\n\t\t","protected":false},"excerpt":{"rendered":"<p>O projekcie PERMEPSY to trzyletni projekt, koordynowany przez Parc Sanitari Sant Joan de D\u00e9u sk\u0142adaj\u0105cy si\u0119 z 5 o\u015brodk\u00f3w naukowych z 5 r\u00f3\u017cnych kraj\u00f3w (Hiszpania, Niemcy, Francja, Polska i Chile) oraz jednego zespo\u0142u technologicznego (Hiszpania). Celem projektu PERMEPSY (Personalised Medicine approach to psychological treatment for Psychosis) jest zaoferowanie spersonalizowanego treningu metapoznawczego (MCT) dla os\u00f3b z [&hellip;]<\/p>\n","protected":false},"author":1,"featured_media":0,"parent":0,"menu_order":0,"comment_status":"closed","ping_status":"closed","template":"","meta":{"_acf_changed":false,"inline_featured_image":false,"footnotes":""},"class_list":["post-1640","page","type-page","status-publish","hentry"],"acf":[],"_links":{"self":[{"href":"https:\/\/permepsy.org\/pl\/wp-json\/wp\/v2\/pages\/1640","targetHints":{"allow":["GET"]}}],"collection":[{"href":"https:\/\/permepsy.org\/pl\/wp-json\/wp\/v2\/pages"}],"about":[{"href":"https:\/\/permepsy.org\/pl\/wp-json\/wp\/v2\/types\/page"}],"author":[{"embeddable":true,"href":"https:\/\/permepsy.org\/pl\/wp-json\/wp\/v2\/users\/1"}],"replies":[{"embeddable":true,"href":"https:\/\/permepsy.org\/pl\/wp-json\/wp\/v2\/comments?post=1640"}],"version-history":[{"count":14,"href":"https:\/\/permepsy.org\/pl\/wp-json\/wp\/v2\/pages\/1640\/revisions"}],"predecessor-version":[{"id":2073,"href":"https:\/\/permepsy.org\/pl\/wp-json\/wp\/v2\/pages\/1640\/revisions\/2073"}],"wp:attachment":[{"href":"https:\/\/permepsy.org\/pl\/wp-json\/wp\/v2\/media?parent=1640"}],"curies":[{"name":"wp","href":"https:\/\/api.w.org\/{rel}","templated":true}]}}