{"id":1706,"date":"2024-01-03T14:29:13","date_gmt":"2024-01-03T13:29:13","guid":{"rendered":"https:\/\/permepsy.org\/psychoza\/"},"modified":"2024-08-02T16:55:23","modified_gmt":"2024-08-02T14:55:23","slug":"psychoza","status":"publish","type":"page","link":"https:\/\/permepsy.org\/pl\/psychoza\/","title":{"rendered":"Psychoza"},"content":{"rendered":"\t\t<div data-elementor-type=\"wp-page\" data-elementor-id=\"1706\" class=\"elementor elementor-1706 elementor-441\" data-elementor-post-type=\"page\">\n\t\t\t\t<div class=\"elementor-element elementor-element-638b48a e-flex e-con-boxed e-con e-parent\" data-id=\"638b48a\" data-element_type=\"container\" data-settings=\"{&quot;background_background&quot;:&quot;classic&quot;}\">\n\t\t\t\t\t<div class=\"e-con-inner\">\n\t\t<div class=\"elementor-element elementor-element-ef50ecb e-con-full e-flex e-con e-child\" data-id=\"ef50ecb\" data-element_type=\"container\">\n\t\t\t\t<div class=\"elementor-element elementor-element-c0589ec animated-slow elementor-invisible elementor-widget elementor-widget-image\" data-id=\"c0589ec\" data-element_type=\"widget\" data-settings=\"{&quot;_animation&quot;:&quot;fadeInLeft&quot;}\" data-widget_type=\"image.default\">\n\t\t\t\t<div class=\"elementor-widget-container\">\n\t\t\t\t\t\t\t\t\t\t\t\t\t\t\t<img fetchpriority=\"high\" decoding=\"async\" width=\"800\" height=\"800\" src=\"https:\/\/permepsy.org\/wp-content\/uploads\/2024\/01\/21118461_6425302.svg\" class=\"attachment-large size-large wp-image-667\" alt=\"\" \/>\t\t\t\t\t\t\t\t\t\t\t\t\t\t\t<\/div>\n\t\t\t\t<\/div>\n\t\t\t\t<\/div>\n\t\t<div class=\"elementor-element elementor-element-ed7b089 e-con-full e-flex e-con e-child\" data-id=\"ed7b089\" data-element_type=\"container\" data-settings=\"{&quot;background_background&quot;:&quot;classic&quot;}\">\n\t\t\t\t<div class=\"elementor-element elementor-element-a026535 elementor-widget elementor-widget-heading\" data-id=\"a026535\" data-element_type=\"widget\" data-widget_type=\"heading.default\">\n\t\t\t\t<div class=\"elementor-widget-container\">\n\t\t\t\t\t<h1 class=\"elementor-heading-title elementor-size-default\">Psychoza<\/h1>\t\t\t\t<\/div>\n\t\t\t\t<\/div>\n\t\t\t\t<div class=\"elementor-element elementor-element-55d17d5 elementor-widget elementor-widget-image-box\" data-id=\"55d17d5\" data-element_type=\"widget\" data-widget_type=\"image-box.default\">\n\t\t\t\t<div class=\"elementor-widget-container\">\n\t\t\t\t\t<div class=\"elementor-image-box-wrapper\"><div class=\"elementor-image-box-content\"><p class=\"elementor-image-box-description\">\"Psychoza\" to og\u00f3lny termin odnosz\u0105cy si\u0119 do zniekszta\u0142ce\u0144 i zaburze\u0144 my\u015blenia, odczu\u0107 i zachowa\u0144, prowadz\u0105cych do utraty zdolno\u015bci testowania rzeczywisto\u015bci. Objawia si\u0119 urojeniami, halucynacjami, zaburzeniami my\u015blenia, ra\u017c\u0105co zdezorganizowanym lub nieprawid\u0142owym zachowaniem motorycznym oraz objawami negatywnymi (APA, 2013). Na poziomie kategorycznym zaburzenia ze spektrum schizofrenii obejmuj\u0105 schizofreni\u0119, zaburzenie schizofreniczne, zaburzenie schizoafektywne, zaburzenie urojeniowe, kr\u00f3tkotrwa\u0142e zaburzenie psychotyczne, zaburzenie psychotyczne wywo\u0142ane substancjami\/lekami, zaburzenie schizotypowe (osobowo\u015bci), zaburzenie psychotyczne spowodowane innym stanem chorobowym, katatoni\u0119 oraz inne okre\u015blone i nieokre\u015blone zaburzenia ze spektrum schizofrenii i inne zaburzenia psychotyczne (APA, 2013; WHO, 2018). Co wa\u017cne, objawy psychotyczne mo\u017cna znale\u017a\u0107 w szeregu innych zaburze\u0144, cho\u0107 nie jako cecha definiuj\u0105ca, w szczeg\u00f3lno\u015bci w zaburzeniach nastroju (du\u017ca depresja i choroba afektywna dwubiegunowa), zaburzeniach zwi\u0105zanych z substancjami i uzale\u017cnieniami, zespole stresu pourazowego, zaburzeniu osobowo\u015bci typu borderline i zaburzeniach neuropoznawczych (np. choroba Alzheimera). Na poziomie objaw\u00f3w objawy psychotyczne i podobne do psychotycznych wyst\u0119puj\u0105 r\u00f3wnie\u017c w populacji og\u00f3lnej, a osoby z takimi do\u015bwiadczeniami mog\u0105 wymaga\u0107 opieki lub nie.  <\/p><\/div><\/div>\t\t\t\t<\/div>\n\t\t\t\t<\/div>\n\t\t\t\t<div class=\"elementor-element elementor-element-04f0af7 elementor-widget elementor-widget-image-box\" data-id=\"04f0af7\" data-element_type=\"widget\" data-widget_type=\"image-box.default\">\n\t\t\t\t<div class=\"elementor-widget-container\">\n\t\t\t\t\t<div class=\"elementor-image-box-wrapper\"><div class=\"elementor-image-box-content\"><p class=\"elementor-image-box-description\">Schizofrenia na przestrzeni czasu doczeka\u0142a si\u0119 wielu w\u0119\u017cszych i szerszych definicji. Jest to zaburzenie psychotyczne, kt\u00f3re przyci\u0105ga najwi\u0119cej uwagi, a jednym z powod\u00f3w mo\u017ce by\u0107 to, \u017ce jest najbardziej powszechne; na przyk\u0142ad cz\u0119sto\u015b\u0107 wyst\u0119powania schizofrenii w ci\u0105gu ca\u0142ego \u017cycia wynosi oko\u0142o 0.9%, w por\u00f3wnaniu do 0.3% w przypadku zaburze\u0144 schizoafektywnych (Perala i in., 2007). Wi\u0119kszo\u015b\u0107 pacjent\u00f3w\/pacjentek otrzymuje leki przeciwpsychotyczne, jednak nie poprawiaj\u0105 one wynik\u00f3w funkcjonalnych. Oko\u0142o 50-75% pacjent\u00f3w\/pacjentek odstawia leki, a wska\u017anik nawrot\u00f3w jest wysoki nawet u pacjent\u00f3w\/pacjentek, kt\u00f3rym przepisano leki przeciwpsychotyczne drugiej generacji (Moritz i in., 2014). Leczenie psychologiczne jest korzystne w \u0142agodzeniu objaw\u00f3w, nawet w przypadku braku leczenia farmakologicznego, gdzie 40% pacjent\u00f3w\/pacjentek osi\u0105ga znacz\u0105c\u0105 popraw\u0119 objawow\u0105 (Morrison i in., 2014). Jedn\u0105 z najskuteczniejszych interwencji psychologicznych jest Trening Metapoznawczy (MCT), oparty na Terapii Poznawczo-Behawioralnej (CBT), b\u0119d\u0105cej jedn\u0105 z zalecanych metod leczenia psychoz (NICE, 2014).<\/p><\/div><\/div>\t\t\t\t<\/div>\n\t\t\t\t<\/div>\n\t\t\t\t<\/div>\n\t\t\t\t\t<\/div>\n\t\t\t\t<\/div>\n\t\t\t\t<\/div>\n\t\t","protected":false},"excerpt":{"rendered":"<p>Psychoza &#8222;Psychoza&#8221; to og\u00f3lny termin odnosz\u0105cy si\u0119 do zniekszta\u0142ce\u0144 i zaburze\u0144 my\u015blenia, odczu\u0107 i zachowa\u0144, prowadz\u0105cych do utraty zdolno\u015bci testowania rzeczywisto\u015bci. Objawia si\u0119 urojeniami, halucynacjami, zaburzeniami my\u015blenia, ra\u017c\u0105co zdezorganizowanym lub nieprawid\u0142owym zachowaniem motorycznym oraz objawami negatywnymi (APA, 2013). Na poziomie kategorycznym zaburzenia ze spektrum schizofrenii obejmuj\u0105 schizofreni\u0119, zaburzenie schizofreniczne, zaburzenie schizoafektywne, zaburzenie urojeniowe, kr\u00f3tkotrwa\u0142e zaburzenie [&hellip;]<\/p>\n","protected":false},"author":1,"featured_media":0,"parent":0,"menu_order":0,"comment_status":"closed","ping_status":"closed","template":"","meta":{"_acf_changed":false,"inline_featured_image":false,"footnotes":""},"class_list":["post-1706","page","type-page","status-publish","hentry"],"acf":[],"_links":{"self":[{"href":"https:\/\/permepsy.org\/pl\/wp-json\/wp\/v2\/pages\/1706","targetHints":{"allow":["GET"]}}],"collection":[{"href":"https:\/\/permepsy.org\/pl\/wp-json\/wp\/v2\/pages"}],"about":[{"href":"https:\/\/permepsy.org\/pl\/wp-json\/wp\/v2\/types\/page"}],"author":[{"embeddable":true,"href":"https:\/\/permepsy.org\/pl\/wp-json\/wp\/v2\/users\/1"}],"replies":[{"embeddable":true,"href":"https:\/\/permepsy.org\/pl\/wp-json\/wp\/v2\/comments?post=1706"}],"version-history":[{"count":8,"href":"https:\/\/permepsy.org\/pl\/wp-json\/wp\/v2\/pages\/1706\/revisions"}],"predecessor-version":[{"id":2019,"href":"https:\/\/permepsy.org\/pl\/wp-json\/wp\/v2\/pages\/1706\/revisions\/2019"}],"wp:attachment":[{"href":"https:\/\/permepsy.org\/pl\/wp-json\/wp\/v2\/media?parent=1706"}],"curies":[{"name":"wp","href":"https:\/\/api.w.org\/{rel}","templated":true}]}}